{"id":942,"date":"2025-03-11T16:23:25","date_gmt":"2025-03-11T16:23:25","guid":{"rendered":"https:\/\/www.adgsrl.com\/products\/dr-phantom\/"},"modified":"2025-03-26T18:12:04","modified_gmt":"2025-03-26T18:12:04","slug":"dr-phantom","status":"publish","type":"product","link":"https:\/\/www.adgsrl.com\/en\/products\/dr-phantom\/","title":{"rendered":"DR Phantom"},"content":{"rendered":"\n<div class=\"wp-block-columns alignwide are-vertically-aligned-center single-product-banner is-layout-flex wp-container-core-columns-is-layout-9d6595d7 wp-block-columns-is-layout-flex\">\n<div class=\"wp-block-column is-vertically-aligned-center is-layout-flow wp-block-column-is-layout-flow\" style=\"flex-basis:660px\">\n<figure class=\"wp-block-gallery has-nested-images columns-3 is-cropped wp-block-gallery-1 is-layout-flex wp-block-gallery-is-layout-flex\">\n<figure class=\"wp-block-image size-full\"><img loading=\"lazy\" decoding=\"async\" width=\"1200\" height=\"1200\" data-id=\"399\" src=\"https:\/\/www.adgsrl.com\/wp-content\/uploads\/2025\/02\/DR-PHANTOM.webp\" alt=\"\" class=\"wp-image-399\" srcset=\"https:\/\/www.adgsrl.com\/wp-content\/uploads\/2025\/02\/DR-PHANTOM.webp 1200w, https:\/\/www.adgsrl.com\/wp-content\/uploads\/2025\/02\/DR-PHANTOM-300x300.webp 300w, https:\/\/www.adgsrl.com\/wp-content\/uploads\/2025\/02\/DR-PHANTOM-1024x1024.webp 1024w, https:\/\/www.adgsrl.com\/wp-content\/uploads\/2025\/02\/DR-PHANTOM-150x150.webp 150w, https:\/\/www.adgsrl.com\/wp-content\/uploads\/2025\/02\/DR-PHANTOM-768x768.webp 768w, https:\/\/www.adgsrl.com\/wp-content\/uploads\/2025\/02\/DR-PHANTOM-112x112.webp 112w\" sizes=\"auto, (max-width: 1200px) 100vw, 1200px\" \/><\/figure>\n<\/figure>\n<\/div>\n\n\n\n<div class=\"wp-block-column is-vertically-aligned-center is-layout-flow wp-block-column-is-layout-flow\">\n<p class=\"has-primary-color has-text-color has-link-color wp-elements-0a1f2b7f4ebe847ec03f6aefac6a56d4\" style=\"font-size:16px;font-style:normal;font-weight:600;text-transform:uppercase\">KOWOTEST<\/p>\n\n\n\n<h2 class=\"wp-block-heading\">DR Phantom<\/h2>\n\n\n\n<p>DR Phantom is designed specifically for turbine blade inspection in aerospace. It features 7-level TAM-compliant steps, IQI plates compliant with TAM and ASTM E1742, as well as a Duplex Wire Type IQI compliant with ASTM E2002 \/ ISO 19232-5. It also includes a BAM Snail. It is made from materials used in the application or the most stringent materials, such as Titanium and Inconel. The DR Phantom complies with TAM 140607, TAM 142395, TAM 142937, TAM 142398 and ASTM E1742 standards.    <\/p>\n\n\n\n<div class=\"wp-block-buttons is-content-justification-center is-layout-flex wp-container-core-buttons-is-layout-16018d1d wp-block-buttons-is-layout-flex\">\n<div class=\"wp-block-button is-style-has-spinning-icon\"><a class=\"wp-block-button__link wp-element-button\" href=\"https:\/\/www.adgsrl.com\/contattaci\/\">Contact<\/a><\/div>\n<\/div>\n<\/div>\n<\/div>\n\n    <div class=\"wp-block-ga-product-specification\">\n        <div class=\"specifications-grid\">\n                                <div class=\"specification-item\">\n                        <div class=\"specification-number\">01<\/div>\n                        <div class=\"specification-label\">Dimensioni (Larghezza \u00d7 Altezza \u00d7 Profondit\u00e0)<\/div>\n                        <div class=\"specification-value\">275 mm \u00d7 200 mm <\/div>\n                    <\/div>\n                    <\/div>\n    <\/div>\n\n    \n<div style=\"height:100px\" aria-hidden=\"true\" class=\"wp-block-spacer\"><\/div>\n","protected":false},"excerpt":{"rendered":"<p>KOWOTEST DR Phantom DR Phantom is designed specifically for turbine blade inspection in aerospace. It features 7-level TAM-compliant steps, IQI plates compliant with TAM and ASTM E1742, as well as a Duplex Wire Type IQI compliant with ASTM E2002 \/ ISO 19232-5. It also includes a BAM Snail. It is made from materials used in<a href=\"https:\/\/www.adgsrl.com\/en\/products\/dr-phantom\/\">Continue reading <span class=\"sr-only\">&#8220;DR Phantom&#8221;<\/span><\/a><\/p>\n","protected":false},"featured_media":400,"parent":0,"template":"","product_category":[90,112],"product_brand":[25],"class_list":["post-942","product","type-product","status-publish","has-post-thumbnail","hentry","product_category-radiography","product_category-radiography-accessories","product_brand-kowotest"],"acf":[],"yoast_head":"<!-- This site is optimized with the Yoast SEO plugin v27.5 - https:\/\/yoast.com\/product\/yoast-seo-wordpress\/ -->\n<title>DR Phantom - ADG<\/title>\n<meta name=\"robots\" content=\"index, follow, max-snippet:-1, max-image-preview:large, max-video-preview:-1\" \/>\n<link rel=\"canonical\" href=\"https:\/\/www.adgsrl.com\/en\/products\/dr-phantom\/\" \/>\n<meta property=\"og:locale\" content=\"en_US\" \/>\n<meta property=\"og:type\" content=\"article\" \/>\n<meta property=\"og:title\" content=\"DR Phantom - ADG\" \/>\n<meta property=\"og:description\" content=\"KOWOTEST DR Phantom DR Phantom is designed specifically for turbine blade inspection in aerospace. It features 7-level TAM-compliant steps, IQI plates compliant with TAM and ASTM E1742, as well as a Duplex Wire Type IQI compliant with ASTM E2002 \/ ISO 19232-5. It also includes a BAM Snail. It is made from materials used inContinue reading &quot;DR Phantom&quot;\" \/>\n<meta property=\"og:url\" content=\"https:\/\/www.adgsrl.com\/en\/products\/dr-phantom\/\" \/>\n<meta property=\"og:site_name\" content=\"ADG\" \/>\n<meta property=\"article:modified_time\" content=\"2025-03-26T18:12:04+00:00\" \/>\n<meta property=\"og:image\" content=\"https:\/\/www.adgsrl.com\/wp-content\/uploads\/2025\/02\/DR-PHANTOM.webp\" \/>\n\t<meta property=\"og:image:width\" content=\"1200\" \/>\n\t<meta property=\"og:image:height\" content=\"1200\" \/>\n\t<meta property=\"og:image:type\" content=\"image\/webp\" \/>\n<meta name=\"twitter:card\" content=\"summary_large_image\" \/>\n<script type=\"application\/ld+json\" class=\"yoast-schema-graph\">{\"@context\":\"https:\\\/\\\/schema.org\",\"@graph\":[{\"@type\":\"WebPage\",\"@id\":\"https:\\\/\\\/www.adgsrl.com\\\/en\\\/products\\\/dr-phantom\\\/\",\"url\":\"https:\\\/\\\/www.adgsrl.com\\\/en\\\/products\\\/dr-phantom\\\/\",\"name\":\"DR Phantom - ADG\",\"isPartOf\":{\"@id\":\"https:\\\/\\\/www.adgsrl.com\\\/en\\\/#website\"},\"primaryImageOfPage\":{\"@id\":\"https:\\\/\\\/www.adgsrl.com\\\/en\\\/products\\\/dr-phantom\\\/#primaryimage\"},\"image\":{\"@id\":\"https:\\\/\\\/www.adgsrl.com\\\/en\\\/products\\\/dr-phantom\\\/#primaryimage\"},\"thumbnailUrl\":\"https:\\\/\\\/www.adgsrl.com\\\/wp-content\\\/uploads\\\/2025\\\/02\\\/DR-PHANTOM.webp\",\"datePublished\":\"2025-03-11T16:23:25+00:00\",\"dateModified\":\"2025-03-26T18:12:04+00:00\",\"breadcrumb\":{\"@id\":\"https:\\\/\\\/www.adgsrl.com\\\/en\\\/products\\\/dr-phantom\\\/#breadcrumb\"},\"inLanguage\":\"en-US\",\"potentialAction\":[{\"@type\":\"ReadAction\",\"target\":[\"https:\\\/\\\/www.adgsrl.com\\\/en\\\/products\\\/dr-phantom\\\/\"]}]},{\"@type\":\"ImageObject\",\"inLanguage\":\"en-US\",\"@id\":\"https:\\\/\\\/www.adgsrl.com\\\/en\\\/products\\\/dr-phantom\\\/#primaryimage\",\"url\":\"https:\\\/\\\/www.adgsrl.com\\\/wp-content\\\/uploads\\\/2025\\\/02\\\/DR-PHANTOM.webp\",\"contentUrl\":\"https:\\\/\\\/www.adgsrl.com\\\/wp-content\\\/uploads\\\/2025\\\/02\\\/DR-PHANTOM.webp\",\"width\":1200,\"height\":1200},{\"@type\":\"BreadcrumbList\",\"@id\":\"https:\\\/\\\/www.adgsrl.com\\\/en\\\/products\\\/dr-phantom\\\/#breadcrumb\",\"itemListElement\":[{\"@type\":\"ListItem\",\"position\":1,\"name\":\"Home\",\"item\":\"https:\\\/\\\/www.adgsrl.com\\\/en\\\/\"},{\"@type\":\"ListItem\",\"position\":2,\"name\":\"Products\",\"item\":\"https:\\\/\\\/www.adgsrl.com\\\/en\\\/products\\\/\"},{\"@type\":\"ListItem\",\"position\":3,\"name\":\"DR Phantom\"}]},{\"@type\":\"WebSite\",\"@id\":\"https:\\\/\\\/www.adgsrl.com\\\/en\\\/#website\",\"url\":\"https:\\\/\\\/www.adgsrl.com\\\/en\\\/\",\"name\":\"ADG srl\",\"description\":\"\",\"publisher\":{\"@id\":\"https:\\\/\\\/www.adgsrl.com\\\/en\\\/#organization\"},\"potentialAction\":[{\"@type\":\"SearchAction\",\"target\":{\"@type\":\"EntryPoint\",\"urlTemplate\":\"https:\\\/\\\/www.adgsrl.com\\\/en\\\/?s={search_term_string}\"},\"query-input\":{\"@type\":\"PropertyValueSpecification\",\"valueRequired\":true,\"valueName\":\"search_term_string\"}}],\"inLanguage\":\"en-US\"},{\"@type\":\"Organization\",\"@id\":\"https:\\\/\\\/www.adgsrl.com\\\/en\\\/#organization\",\"name\":\"My WordPressADG srl\",\"url\":\"https:\\\/\\\/www.adgsrl.com\\\/en\\\/\",\"logo\":{\"@type\":\"ImageObject\",\"inLanguage\":\"en-US\",\"@id\":\"https:\\\/\\\/www.adgsrl.com\\\/en\\\/#\\\/schema\\\/logo\\\/image\\\/\",\"url\":\"https:\\\/\\\/www.adgsrl.com\\\/wp-content\\\/uploads\\\/2025\\\/01\\\/LOGO-ADG-NDT-SOLUTIONS-ROSSO.png\",\"contentUrl\":\"https:\\\/\\\/www.adgsrl.com\\\/wp-content\\\/uploads\\\/2025\\\/01\\\/LOGO-ADG-NDT-SOLUTIONS-ROSSO.png\",\"width\":1080,\"height\":334,\"caption\":\"My WordPressADG srl\"},\"image\":{\"@id\":\"https:\\\/\\\/www.adgsrl.com\\\/en\\\/#\\\/schema\\\/logo\\\/image\\\/\"}}]}<\/script>\n<!-- \/ Yoast SEO plugin. -->","yoast_head_json":{"title":"DR Phantom - ADG","robots":{"index":"index","follow":"follow","max-snippet":"max-snippet:-1","max-image-preview":"max-image-preview:large","max-video-preview":"max-video-preview:-1"},"canonical":"https:\/\/www.adgsrl.com\/en\/products\/dr-phantom\/","og_locale":"en_US","og_type":"article","og_title":"DR Phantom - ADG","og_description":"KOWOTEST DR Phantom DR Phantom is designed specifically for turbine blade inspection in aerospace. It features 7-level TAM-compliant steps, IQI plates compliant with TAM and ASTM E1742, as well as a Duplex Wire Type IQI compliant with ASTM E2002 \/ ISO 19232-5. It also includes a BAM Snail. It is made from materials used inContinue reading \"DR Phantom\"","og_url":"https:\/\/www.adgsrl.com\/en\/products\/dr-phantom\/","og_site_name":"ADG","article_modified_time":"2025-03-26T18:12:04+00:00","og_image":[{"width":1200,"height":1200,"url":"https:\/\/www.adgsrl.com\/wp-content\/uploads\/2025\/02\/DR-PHANTOM.webp","type":"image\/webp"}],"twitter_card":"summary_large_image","schema":{"@context":"https:\/\/schema.org","@graph":[{"@type":"WebPage","@id":"https:\/\/www.adgsrl.com\/en\/products\/dr-phantom\/","url":"https:\/\/www.adgsrl.com\/en\/products\/dr-phantom\/","name":"DR Phantom - ADG","isPartOf":{"@id":"https:\/\/www.adgsrl.com\/en\/#website"},"primaryImageOfPage":{"@id":"https:\/\/www.adgsrl.com\/en\/products\/dr-phantom\/#primaryimage"},"image":{"@id":"https:\/\/www.adgsrl.com\/en\/products\/dr-phantom\/#primaryimage"},"thumbnailUrl":"https:\/\/www.adgsrl.com\/wp-content\/uploads\/2025\/02\/DR-PHANTOM.webp","datePublished":"2025-03-11T16:23:25+00:00","dateModified":"2025-03-26T18:12:04+00:00","breadcrumb":{"@id":"https:\/\/www.adgsrl.com\/en\/products\/dr-phantom\/#breadcrumb"},"inLanguage":"en-US","potentialAction":[{"@type":"ReadAction","target":["https:\/\/www.adgsrl.com\/en\/products\/dr-phantom\/"]}]},{"@type":"ImageObject","inLanguage":"en-US","@id":"https:\/\/www.adgsrl.com\/en\/products\/dr-phantom\/#primaryimage","url":"https:\/\/www.adgsrl.com\/wp-content\/uploads\/2025\/02\/DR-PHANTOM.webp","contentUrl":"https:\/\/www.adgsrl.com\/wp-content\/uploads\/2025\/02\/DR-PHANTOM.webp","width":1200,"height":1200},{"@type":"BreadcrumbList","@id":"https:\/\/www.adgsrl.com\/en\/products\/dr-phantom\/#breadcrumb","itemListElement":[{"@type":"ListItem","position":1,"name":"Home","item":"https:\/\/www.adgsrl.com\/en\/"},{"@type":"ListItem","position":2,"name":"Products","item":"https:\/\/www.adgsrl.com\/en\/products\/"},{"@type":"ListItem","position":3,"name":"DR Phantom"}]},{"@type":"WebSite","@id":"https:\/\/www.adgsrl.com\/en\/#website","url":"https:\/\/www.adgsrl.com\/en\/","name":"ADG srl","description":"","publisher":{"@id":"https:\/\/www.adgsrl.com\/en\/#organization"},"potentialAction":[{"@type":"SearchAction","target":{"@type":"EntryPoint","urlTemplate":"https:\/\/www.adgsrl.com\/en\/?s={search_term_string}"},"query-input":{"@type":"PropertyValueSpecification","valueRequired":true,"valueName":"search_term_string"}}],"inLanguage":"en-US"},{"@type":"Organization","@id":"https:\/\/www.adgsrl.com\/en\/#organization","name":"My WordPressADG srl","url":"https:\/\/www.adgsrl.com\/en\/","logo":{"@type":"ImageObject","inLanguage":"en-US","@id":"https:\/\/www.adgsrl.com\/en\/#\/schema\/logo\/image\/","url":"https:\/\/www.adgsrl.com\/wp-content\/uploads\/2025\/01\/LOGO-ADG-NDT-SOLUTIONS-ROSSO.png","contentUrl":"https:\/\/www.adgsrl.com\/wp-content\/uploads\/2025\/01\/LOGO-ADG-NDT-SOLUTIONS-ROSSO.png","width":1080,"height":334,"caption":"My WordPressADG srl"},"image":{"@id":"https:\/\/www.adgsrl.com\/en\/#\/schema\/logo\/image\/"}}]}},"_links":{"self":[{"href":"https:\/\/www.adgsrl.com\/en\/wp-json\/wp\/v2\/product\/942","targetHints":{"allow":["GET"]}}],"collection":[{"href":"https:\/\/www.adgsrl.com\/en\/wp-json\/wp\/v2\/product"}],"about":[{"href":"https:\/\/www.adgsrl.com\/en\/wp-json\/wp\/v2\/types\/product"}],"wp:featuredmedia":[{"embeddable":true,"href":"https:\/\/www.adgsrl.com\/en\/wp-json\/wp\/v2\/media\/400"}],"wp:attachment":[{"href":"https:\/\/www.adgsrl.com\/en\/wp-json\/wp\/v2\/media?parent=942"}],"wp:term":[{"taxonomy":"product_category","embeddable":true,"href":"https:\/\/www.adgsrl.com\/en\/wp-json\/wp\/v2\/product_category?post=942"},{"taxonomy":"product_brand","embeddable":true,"href":"https:\/\/www.adgsrl.com\/en\/wp-json\/wp\/v2\/product_brand?post=942"}],"curies":[{"name":"wp","href":"https:\/\/api.w.org\/{rel}","templated":true}]}}