{"id":908,"date":"2025-02-26T19:51:20","date_gmt":"2025-02-26T19:51:20","guid":{"rendered":"https:\/\/www.adgsrl.com\/products\/densorapid-d\/"},"modified":"2025-03-26T18:04:15","modified_gmt":"2025-03-26T18:04:15","slug":"densorapid-d","status":"publish","type":"product","link":"https:\/\/www.adgsrl.com\/en\/products\/densorapid-d\/","title":{"rendered":"Densorapid D"},"content":{"rendered":"\n<div class=\"wp-block-columns alignwide are-vertically-aligned-center single-product-banner is-layout-flex wp-container-core-columns-is-layout-9d6595d7 wp-block-columns-is-layout-flex\">\n<div class=\"wp-block-column is-vertically-aligned-center is-layout-flow wp-block-column-is-layout-flow\" style=\"flex-basis:660px\">\n<figure class=\"wp-block-gallery has-nested-images columns-3 is-cropped wp-block-gallery-1 is-layout-flex wp-block-gallery-is-layout-flex\">\n<figure class=\"wp-block-image size-full\"><img loading=\"lazy\" decoding=\"async\" width=\"1200\" height=\"1200\" data-id=\"392\" src=\"https:\/\/www.adgsrl.com\/wp-content\/uploads\/2025\/02\/DENSORAPID-D-1.webp\" alt=\"\" class=\"wp-image-392\" srcset=\"https:\/\/www.adgsrl.com\/wp-content\/uploads\/2025\/02\/DENSORAPID-D-1.webp 1200w, https:\/\/www.adgsrl.com\/wp-content\/uploads\/2025\/02\/DENSORAPID-D-1-300x300.webp 300w, https:\/\/www.adgsrl.com\/wp-content\/uploads\/2025\/02\/DENSORAPID-D-1-1024x1024.webp 1024w, https:\/\/www.adgsrl.com\/wp-content\/uploads\/2025\/02\/DENSORAPID-D-1-150x150.webp 150w, https:\/\/www.adgsrl.com\/wp-content\/uploads\/2025\/02\/DENSORAPID-D-1-768x768.webp 768w, https:\/\/www.adgsrl.com\/wp-content\/uploads\/2025\/02\/DENSORAPID-D-1-112x112.webp 112w\" sizes=\"auto, (max-width: 1200px) 100vw, 1200px\" \/><\/figure>\n\n\n\n<figure class=\"wp-block-image size-full\"><img loading=\"lazy\" decoding=\"async\" width=\"1200\" height=\"1200\" data-id=\"390\" src=\"https:\/\/www.adgsrl.com\/wp-content\/uploads\/2025\/02\/DENSORAPID-D-2.webp\" alt=\"\" class=\"wp-image-390\" srcset=\"https:\/\/www.adgsrl.com\/wp-content\/uploads\/2025\/02\/DENSORAPID-D-2.webp 1200w, https:\/\/www.adgsrl.com\/wp-content\/uploads\/2025\/02\/DENSORAPID-D-2-300x300.webp 300w, https:\/\/www.adgsrl.com\/wp-content\/uploads\/2025\/02\/DENSORAPID-D-2-1024x1024.webp 1024w, https:\/\/www.adgsrl.com\/wp-content\/uploads\/2025\/02\/DENSORAPID-D-2-150x150.webp 150w, https:\/\/www.adgsrl.com\/wp-content\/uploads\/2025\/02\/DENSORAPID-D-2-768x768.webp 768w, https:\/\/www.adgsrl.com\/wp-content\/uploads\/2025\/02\/DENSORAPID-D-2-112x112.webp 112w\" sizes=\"auto, (max-width: 1200px) 100vw, 1200px\" \/><\/figure>\n\n\n\n<figure class=\"wp-block-image size-full\"><img loading=\"lazy\" decoding=\"async\" width=\"1200\" height=\"1200\" data-id=\"394\" src=\"https:\/\/www.adgsrl.com\/wp-content\/uploads\/2025\/02\/DENSORAPID-3.webp\" alt=\"\" class=\"wp-image-394\" srcset=\"https:\/\/www.adgsrl.com\/wp-content\/uploads\/2025\/02\/DENSORAPID-3.webp 1200w, https:\/\/www.adgsrl.com\/wp-content\/uploads\/2025\/02\/DENSORAPID-3-300x300.webp 300w, https:\/\/www.adgsrl.com\/wp-content\/uploads\/2025\/02\/DENSORAPID-3-1024x1024.webp 1024w, https:\/\/www.adgsrl.com\/wp-content\/uploads\/2025\/02\/DENSORAPID-3-150x150.webp 150w, https:\/\/www.adgsrl.com\/wp-content\/uploads\/2025\/02\/DENSORAPID-3-768x768.webp 768w, https:\/\/www.adgsrl.com\/wp-content\/uploads\/2025\/02\/DENSORAPID-3-112x112.webp 112w\" sizes=\"auto, (max-width: 1200px) 100vw, 1200px\" \/><\/figure>\n<\/figure>\n<\/div>\n\n\n\n<div class=\"wp-block-column is-vertically-aligned-center is-layout-flow wp-block-column-is-layout-flow\">\n<p class=\"has-primary-color has-text-color has-link-color wp-elements-0a1f2b7f4ebe847ec03f6aefac6a56d4\" style=\"font-size:16px;font-style:normal;font-weight:600;text-transform:uppercase\">KOWOTEST<\/p>\n\n\n\n<h2 class=\"wp-block-heading\">Densorapid D<\/h2>\n\n\n\n<p>Portable DENSORAPID D for precise determination of the optical density of X-ray films. DENSORAPID D is equipped with an absolutely innovative digital measurement technique. The illuminated display allows easy reading even in dark environments, and the calibration process is highly simplified by the sophisticated software. <\/p>\n\n\n\n<div class=\"wp-block-buttons is-content-justification-center is-layout-flex wp-container-core-buttons-is-layout-16018d1d wp-block-buttons-is-layout-flex\">\n<div class=\"wp-block-button is-style-download-button\"><a class=\"wp-block-button__link wp-element-button\" href=\"https:\/\/drive.google.com\/file\/d\/1MK3dkeb1akgXpr8_iU59YeR0JufyhCnv\/view?usp=sharing\">Download brochure<\/a><\/div>\n\n\n\n<div class=\"wp-block-button is-style-has-spinning-icon\"><a class=\"wp-block-button__link wp-element-button\" href=\"https:\/\/www.adgsrl.com\/contattaci\/\">Contact us<\/a><\/div>\n<\/div>\n<\/div>\n<\/div>\n\n    <div class=\"wp-block-ga-product-specification\">\n        <div class=\"specifications-grid\">\n                                <div class=\"specification-item\">\n                        <div class=\"specification-number\">01<\/div>\n                        <div class=\"specification-label\">Campo di misura<\/div>\n                        <div class=\"specification-value\">0.00 &#8230; &gt; 5.00 D<\/div>\n                    <\/div>\n                                <div class=\"specification-item\">\n                        <div class=\"specification-number\">02<\/div>\n                        <div class=\"specification-label\">Risoluzione<\/div>\n                        <div class=\"specification-value\">0.01 D<\/div>\n                    <\/div>\n                                <div class=\"specification-item\">\n                        <div class=\"specification-number\">03<\/div>\n                        <div class=\"specification-label\">Precisione<\/div>\n                        <div class=\"specification-value\">+\/- 0.02 D<\/div>\n                    <\/div>\n                                <div class=\"specification-item\">\n                        <div class=\"specification-number\">04<\/div>\n                        <div class=\"specification-label\">Ripetibilit\u00e0<\/div>\n                        <div class=\"specification-value\">+\/- 0.01 D<\/div>\n                    <\/div>\n                                <div class=\"specification-item\">\n                        <div class=\"specification-number\">05<\/div>\n                        <div class=\"specification-label\">Tempo di funzionamento<\/div>\n                        <div class=\"specification-value\">30 ore con una carica completa<\/div>\n                    <\/div>\n                                <div class=\"specification-item\">\n                        <div class=\"specification-number\">06<\/div>\n                        <div class=\"specification-label\">Caricatore USB<\/div>\n                        <div class=\"specification-value\">100&#8230;240V Micro-USB<\/div>\n                    <\/div>\n                                <div class=\"specification-item\">\n                        <div class=\"specification-number\">07<\/div>\n                        <div class=\"specification-label\">Dimensioni<\/div>\n                        <div class=\"specification-value\">135 mm x 73 mm x 29 mm<\/div>\n                    <\/div>\n                                <div class=\"specification-item\">\n                        <div class=\"specification-number\">08<\/div>\n                        <div class=\"specification-label\">Peso<\/div>\n                        <div class=\"specification-value\">0.25 kg<\/div>\n                    <\/div>\n                    <\/div>\n    <\/div>\n\n    \n<div class=\"wp-block-group alignfull product-highlights-section has-theme-neutral-1-background-color has-background is-layout-constrained wp-block-group-is-layout-constrained\">\n<div class=\"wp-block-group alignwide is-layout-constrained wp-block-group-is-layout-constrained\">\n<p class=\"has-primary-color has-text-color has-link-color wp-elements-182f8714fe4aaf66bee5dbb939c3333d\" style=\"font-size:16px;font-style:normal;font-weight:600;text-transform:uppercase\">Highlights<\/p>\n\n\n\n<h2 class=\"wp-block-heading alignfull\">Discover Densorapid D<\/h2>\n\n\n\n        <div class=\"wp-block-ga-blocks-product-highlights desktop-only  alignwide\">\n        <div class=\"swiper\">\n            <div class=\"swiper-wrapper\">\n                                        <div class=\"swiper-slide\">\n                            <div class=\"highlight-item\">\n                                <div class=\"highlight-number\">01<\/div>\n                                <div class=\"highlight-content\">\n                                    <h4 class=\"highlight-title\">Precisione e portabilit\u00e0<\/h4>\n                                    <div class=\"highlight-description\">\n                                        <p>Compatto, preciso e facile da trasportare, il densitometro portatile Densorapid D offre una tecnologia di misurazione digitale innovativa per determinare con estrema accuratezza la densit\u00e0 ottica delle pellicole radiografiche. L\u2019ergonomica sonda manuale garantisce misurazioni affidabili anche in posizioni leggermente inclinate, mentre il display illuminato assicura una lettura chiara anche in ambienti bui. Il software avanzato semplifica la calibrazione, rendendo l&#039;uso del dispositivo rapido ed efficiente.<\/p>\n                                    <\/div>\n                                <\/div>\n                            <\/div>\n                        <\/div>\n                                        <div class=\"swiper-slide\">\n                            <div class=\"highlight-item\">\n                                <div class=\"highlight-number\">02<\/div>\n                                <div class=\"highlight-content\">\n                                    <h4 class=\"highlight-title\">Tecnologia avanzata per risultati affidabili<\/h4>\n                                    <div class=\"highlight-description\">\n                                        <p>Il Densorapid D offre un ampio intervallo di misurazione, da 0 a oltre 5,0D, con un&#039;elevata precisione di \u00b10,02D. Dotato di una batteria ricaricabile tramite USB, garantisce un&#039;autonomia di 30 ore di utilizzo continuo. La sonda manuale \u00e8 progettata con una punta morbida per evitare graffi sulle pellicole, mentre la qualit\u00e0 costruttiva tedesca assicura robustezza e affidabilit\u00e0 nel tempo.<\/p>\n                                    <\/div>\n                                <\/div>\n                            <\/div>\n                        <\/div>\n                            <\/div>\n            <div class=\"swiper-navigation-container\">\n                <div class=\"swiper-button-prev\"><\/div>\n                <div class=\"swiper-pagination\"><\/div>\n                <div class=\"swiper-button-next\"><\/div>\n            <\/div>\n        <\/div>\n    <\/div>\n\n        <div class=\"wp-block-ga-blocks-product-highlights mobile-only  alignwide\">\n        <div class=\"highlights-grid\">\n                                <div class=\"highlight-item\">\n                        <div class=\"highlight-number\">01<\/div>\n                        <div class=\"highlight-content\">\n                            <h4 class=\"highlight-title\">Precisione e portabilit\u00e0<\/h4>\n                            <div class=\"highlight-description\">\n                                <p>Compatto, preciso e facile da trasportare, il densitometro portatile Densorapid D offre una tecnologia di misurazione digitale innovativa per determinare con estrema accuratezza la densit\u00e0 ottica delle pellicole radiografiche. L\u2019ergonomica sonda manuale garantisce misurazioni affidabili anche in posizioni leggermente inclinate, mentre il display illuminato assicura una lettura chiara anche in ambienti bui. Il software avanzato semplifica la calibrazione, rendendo l&#039;uso del dispositivo rapido ed efficiente.<\/p>\n                            <\/div>\n                        <\/div>\n                    <\/div>\n                                <div class=\"highlight-item\">\n                        <div class=\"highlight-number\">02<\/div>\n                        <div class=\"highlight-content\">\n                            <h4 class=\"highlight-title\">Tecnologia avanzata per risultati affidabili<\/h4>\n                            <div class=\"highlight-description\">\n                                <p>Il Densorapid D offre un ampio intervallo di misurazione, da 0 a oltre 5,0D, con un&#039;elevata precisione di \u00b10,02D. Dotato di una batteria ricaricabile tramite USB, garantisce un&#039;autonomia di 30 ore di utilizzo continuo. La sonda manuale \u00e8 progettata con una punta morbida per evitare graffi sulle pellicole, mentre la qualit\u00e0 costruttiva tedesca assicura robustezza e affidabilit\u00e0 nel tempo.<\/p>\n                            <\/div>\n                        <\/div>\n                    <\/div>\n                    <\/div>\n    <\/div>\n\n    <\/div>\n<\/div>\n\n<p><\/p>\n","protected":false},"excerpt":{"rendered":"<p>KOWOTEST Densorapid D Portable DENSORAPID D for precise determination of the optical density of X-ray films. DENSORAPID D is equipped with an absolutely innovative digital measurement technique. The illuminated display allows easy reading even in dark environments, and the calibration process is highly simplified by the sophisticated software. Highlights Discover Densorapid D<\/p>\n","protected":false},"featured_media":393,"parent":0,"template":"","product_category":[114,90],"product_brand":[25],"class_list":["post-908","product","type-product","status-publish","has-post-thumbnail","hentry","product_category-densitometers","product_category-radiography","product_brand-kowotest"],"acf":[],"yoast_head":"<!-- This site is optimized with the Yoast SEO plugin v27.3 - https:\/\/yoast.com\/product\/yoast-seo-wordpress\/ -->\n<title>Densorapid D - ADG<\/title>\n<meta name=\"robots\" content=\"index, follow, max-snippet:-1, max-image-preview:large, max-video-preview:-1\" \/>\n<link rel=\"canonical\" href=\"https:\/\/www.adgsrl.com\/en\/products\/densorapid-d\/\" \/>\n<meta property=\"og:locale\" content=\"en_US\" \/>\n<meta property=\"og:type\" content=\"article\" \/>\n<meta property=\"og:title\" content=\"Densorapid D - ADG\" \/>\n<meta property=\"og:description\" content=\"KOWOTEST Densorapid D Portable DENSORAPID D for precise determination of the optical density of X-ray films. DENSORAPID D is equipped with an absolutely innovative digital measurement technique. The illuminated display allows easy reading even in dark environments, and the calibration process is highly simplified by the sophisticated software. Highlights Discover Densorapid D\" \/>\n<meta property=\"og:url\" content=\"https:\/\/www.adgsrl.com\/en\/products\/densorapid-d\/\" \/>\n<meta property=\"og:site_name\" content=\"ADG\" \/>\n<meta property=\"article:modified_time\" content=\"2025-03-26T18:04:15+00:00\" \/>\n<meta property=\"og:image\" content=\"https:\/\/www.adgsrl.com\/wp-content\/uploads\/2025\/02\/DENSORAPID-D-1.webp\" \/>\n\t<meta property=\"og:image:width\" content=\"1200\" \/>\n\t<meta property=\"og:image:height\" content=\"1200\" \/>\n\t<meta property=\"og:image:type\" content=\"image\/webp\" \/>\n<meta name=\"twitter:card\" content=\"summary_large_image\" \/>\n<script type=\"application\/ld+json\" class=\"yoast-schema-graph\">{\"@context\":\"https:\\\/\\\/schema.org\",\"@graph\":[{\"@type\":\"WebPage\",\"@id\":\"https:\\\/\\\/www.adgsrl.com\\\/en\\\/products\\\/densorapid-d\\\/\",\"url\":\"https:\\\/\\\/www.adgsrl.com\\\/en\\\/products\\\/densorapid-d\\\/\",\"name\":\"Densorapid D - ADG\",\"isPartOf\":{\"@id\":\"https:\\\/\\\/www.adgsrl.com\\\/en\\\/#website\"},\"primaryImageOfPage\":{\"@id\":\"https:\\\/\\\/www.adgsrl.com\\\/en\\\/products\\\/densorapid-d\\\/#primaryimage\"},\"image\":{\"@id\":\"https:\\\/\\\/www.adgsrl.com\\\/en\\\/products\\\/densorapid-d\\\/#primaryimage\"},\"thumbnailUrl\":\"https:\\\/\\\/www.adgsrl.com\\\/wp-content\\\/uploads\\\/2025\\\/02\\\/DENSORAPID-D-1.webp\",\"datePublished\":\"2025-02-26T19:51:20+00:00\",\"dateModified\":\"2025-03-26T18:04:15+00:00\",\"breadcrumb\":{\"@id\":\"https:\\\/\\\/www.adgsrl.com\\\/en\\\/products\\\/densorapid-d\\\/#breadcrumb\"},\"inLanguage\":\"en-US\",\"potentialAction\":[{\"@type\":\"ReadAction\",\"target\":[\"https:\\\/\\\/www.adgsrl.com\\\/en\\\/products\\\/densorapid-d\\\/\"]}]},{\"@type\":\"ImageObject\",\"inLanguage\":\"en-US\",\"@id\":\"https:\\\/\\\/www.adgsrl.com\\\/en\\\/products\\\/densorapid-d\\\/#primaryimage\",\"url\":\"https:\\\/\\\/www.adgsrl.com\\\/wp-content\\\/uploads\\\/2025\\\/02\\\/DENSORAPID-D-1.webp\",\"contentUrl\":\"https:\\\/\\\/www.adgsrl.com\\\/wp-content\\\/uploads\\\/2025\\\/02\\\/DENSORAPID-D-1.webp\",\"width\":1200,\"height\":1200},{\"@type\":\"BreadcrumbList\",\"@id\":\"https:\\\/\\\/www.adgsrl.com\\\/en\\\/products\\\/densorapid-d\\\/#breadcrumb\",\"itemListElement\":[{\"@type\":\"ListItem\",\"position\":1,\"name\":\"Home\",\"item\":\"https:\\\/\\\/www.adgsrl.com\\\/en\\\/\"},{\"@type\":\"ListItem\",\"position\":2,\"name\":\"Products\",\"item\":\"https:\\\/\\\/www.adgsrl.com\\\/en\\\/products\\\/\"},{\"@type\":\"ListItem\",\"position\":3,\"name\":\"Densorapid D\"}]},{\"@type\":\"WebSite\",\"@id\":\"https:\\\/\\\/www.adgsrl.com\\\/en\\\/#website\",\"url\":\"https:\\\/\\\/www.adgsrl.com\\\/en\\\/\",\"name\":\"ADG srl\",\"description\":\"\",\"publisher\":{\"@id\":\"https:\\\/\\\/www.adgsrl.com\\\/en\\\/#organization\"},\"potentialAction\":[{\"@type\":\"SearchAction\",\"target\":{\"@type\":\"EntryPoint\",\"urlTemplate\":\"https:\\\/\\\/www.adgsrl.com\\\/en\\\/?s={search_term_string}\"},\"query-input\":{\"@type\":\"PropertyValueSpecification\",\"valueRequired\":true,\"valueName\":\"search_term_string\"}}],\"inLanguage\":\"en-US\"},{\"@type\":\"Organization\",\"@id\":\"https:\\\/\\\/www.adgsrl.com\\\/en\\\/#organization\",\"name\":\"My WordPressADG srl\",\"url\":\"https:\\\/\\\/www.adgsrl.com\\\/en\\\/\",\"logo\":{\"@type\":\"ImageObject\",\"inLanguage\":\"en-US\",\"@id\":\"https:\\\/\\\/www.adgsrl.com\\\/en\\\/#\\\/schema\\\/logo\\\/image\\\/\",\"url\":\"https:\\\/\\\/www.adgsrl.com\\\/wp-content\\\/uploads\\\/2025\\\/01\\\/LOGO-ADG-NDT-SOLUTIONS-ROSSO.png\",\"contentUrl\":\"https:\\\/\\\/www.adgsrl.com\\\/wp-content\\\/uploads\\\/2025\\\/01\\\/LOGO-ADG-NDT-SOLUTIONS-ROSSO.png\",\"width\":1080,\"height\":334,\"caption\":\"My WordPressADG srl\"},\"image\":{\"@id\":\"https:\\\/\\\/www.adgsrl.com\\\/en\\\/#\\\/schema\\\/logo\\\/image\\\/\"}}]}<\/script>\n<!-- \/ Yoast SEO plugin. -->","yoast_head_json":{"title":"Densorapid D - ADG","robots":{"index":"index","follow":"follow","max-snippet":"max-snippet:-1","max-image-preview":"max-image-preview:large","max-video-preview":"max-video-preview:-1"},"canonical":"https:\/\/www.adgsrl.com\/en\/products\/densorapid-d\/","og_locale":"en_US","og_type":"article","og_title":"Densorapid D - ADG","og_description":"KOWOTEST Densorapid D Portable DENSORAPID D for precise determination of the optical density of X-ray films. DENSORAPID D is equipped with an absolutely innovative digital measurement technique. The illuminated display allows easy reading even in dark environments, and the calibration process is highly simplified by the sophisticated software. Highlights Discover Densorapid D","og_url":"https:\/\/www.adgsrl.com\/en\/products\/densorapid-d\/","og_site_name":"ADG","article_modified_time":"2025-03-26T18:04:15+00:00","og_image":[{"width":1200,"height":1200,"url":"https:\/\/www.adgsrl.com\/wp-content\/uploads\/2025\/02\/DENSORAPID-D-1.webp","type":"image\/webp"}],"twitter_card":"summary_large_image","schema":{"@context":"https:\/\/schema.org","@graph":[{"@type":"WebPage","@id":"https:\/\/www.adgsrl.com\/en\/products\/densorapid-d\/","url":"https:\/\/www.adgsrl.com\/en\/products\/densorapid-d\/","name":"Densorapid D - ADG","isPartOf":{"@id":"https:\/\/www.adgsrl.com\/en\/#website"},"primaryImageOfPage":{"@id":"https:\/\/www.adgsrl.com\/en\/products\/densorapid-d\/#primaryimage"},"image":{"@id":"https:\/\/www.adgsrl.com\/en\/products\/densorapid-d\/#primaryimage"},"thumbnailUrl":"https:\/\/www.adgsrl.com\/wp-content\/uploads\/2025\/02\/DENSORAPID-D-1.webp","datePublished":"2025-02-26T19:51:20+00:00","dateModified":"2025-03-26T18:04:15+00:00","breadcrumb":{"@id":"https:\/\/www.adgsrl.com\/en\/products\/densorapid-d\/#breadcrumb"},"inLanguage":"en-US","potentialAction":[{"@type":"ReadAction","target":["https:\/\/www.adgsrl.com\/en\/products\/densorapid-d\/"]}]},{"@type":"ImageObject","inLanguage":"en-US","@id":"https:\/\/www.adgsrl.com\/en\/products\/densorapid-d\/#primaryimage","url":"https:\/\/www.adgsrl.com\/wp-content\/uploads\/2025\/02\/DENSORAPID-D-1.webp","contentUrl":"https:\/\/www.adgsrl.com\/wp-content\/uploads\/2025\/02\/DENSORAPID-D-1.webp","width":1200,"height":1200},{"@type":"BreadcrumbList","@id":"https:\/\/www.adgsrl.com\/en\/products\/densorapid-d\/#breadcrumb","itemListElement":[{"@type":"ListItem","position":1,"name":"Home","item":"https:\/\/www.adgsrl.com\/en\/"},{"@type":"ListItem","position":2,"name":"Products","item":"https:\/\/www.adgsrl.com\/en\/products\/"},{"@type":"ListItem","position":3,"name":"Densorapid D"}]},{"@type":"WebSite","@id":"https:\/\/www.adgsrl.com\/en\/#website","url":"https:\/\/www.adgsrl.com\/en\/","name":"ADG srl","description":"","publisher":{"@id":"https:\/\/www.adgsrl.com\/en\/#organization"},"potentialAction":[{"@type":"SearchAction","target":{"@type":"EntryPoint","urlTemplate":"https:\/\/www.adgsrl.com\/en\/?s={search_term_string}"},"query-input":{"@type":"PropertyValueSpecification","valueRequired":true,"valueName":"search_term_string"}}],"inLanguage":"en-US"},{"@type":"Organization","@id":"https:\/\/www.adgsrl.com\/en\/#organization","name":"My WordPressADG srl","url":"https:\/\/www.adgsrl.com\/en\/","logo":{"@type":"ImageObject","inLanguage":"en-US","@id":"https:\/\/www.adgsrl.com\/en\/#\/schema\/logo\/image\/","url":"https:\/\/www.adgsrl.com\/wp-content\/uploads\/2025\/01\/LOGO-ADG-NDT-SOLUTIONS-ROSSO.png","contentUrl":"https:\/\/www.adgsrl.com\/wp-content\/uploads\/2025\/01\/LOGO-ADG-NDT-SOLUTIONS-ROSSO.png","width":1080,"height":334,"caption":"My WordPressADG srl"},"image":{"@id":"https:\/\/www.adgsrl.com\/en\/#\/schema\/logo\/image\/"}}]}},"_links":{"self":[{"href":"https:\/\/www.adgsrl.com\/en\/wp-json\/wp\/v2\/product\/908","targetHints":{"allow":["GET"]}}],"collection":[{"href":"https:\/\/www.adgsrl.com\/en\/wp-json\/wp\/v2\/product"}],"about":[{"href":"https:\/\/www.adgsrl.com\/en\/wp-json\/wp\/v2\/types\/product"}],"wp:featuredmedia":[{"embeddable":true,"href":"https:\/\/www.adgsrl.com\/en\/wp-json\/wp\/v2\/media\/393"}],"wp:attachment":[{"href":"https:\/\/www.adgsrl.com\/en\/wp-json\/wp\/v2\/media?parent=908"}],"wp:term":[{"taxonomy":"product_category","embeddable":true,"href":"https:\/\/www.adgsrl.com\/en\/wp-json\/wp\/v2\/product_category?post=908"},{"taxonomy":"product_brand","embeddable":true,"href":"https:\/\/www.adgsrl.com\/en\/wp-json\/wp\/v2\/product_brand?post=908"}],"curies":[{"name":"wp","href":"https:\/\/api.w.org\/{rel}","templated":true}]}}